{"id":536,"date":"2020-11-23T20:10:13","date_gmt":"2020-11-23T20:10:13","guid":{"rendered":"http:\/\/faeve.com\/pt\/?product=034-polivitasol-con-minerales"},"modified":"2020-12-12T16:24:02","modified_gmt":"2020-12-12T16:24:02","slug":"polivitasol-con-minerales","status":"publish","type":"product","link":"http:\/\/faeve.com\/pt\/producto\/polivitasol-con-minerales\/","title":{"rendered":"POLIVITASOL CON MINERALES"},"content":{"rendered":"<p>Acci\u00f3n: Compuesto vitam\u00ednico mineral de alta concentraci\u00f3n.<\/p>\n<p>Comp.: Vitamina A 1.100.000 U.I., D3 200.000 U.I., E 350 U.I., K3 1.000 mg., C 2.000 mg., Tiamina 1.000 mg., Rivoflavina 1.000 mg., Piridoxina 300 mg., Cianocobalamina 2.000 mcg., Nicotinamida 3.000 mg., Pantotenato de Ca 2.000 mg., Sulfato de Cu 400 mg., Sulfato de Co 200 mg., Sulfato de Zn 800 mg., Sulfato de Mn 900 mg., Sulfato de Fe 900 mg., Ioduro de K 10 mg., BHT 350 mg., Excipientes, c.s.p. 100 g.<\/p>\n<p>Ind.: Donde existan s\u00edntomas de carencias, como as\u00ed tambi\u00e9n estados patol\u00f3gicos que requieran aportes adicionales de vitaminas y minerales. Dosif.: En aves, terneros, ovinos, caprinos, cerdos y conejos: en agua de bebida. Preventivo: 1\/8 a 1\/4 g. por lt. de agua. Curativo: 1\/2 a 1 g por lt. de agua durante 3 a 7 d\u00edas. En tomas individuales a raz\u00f3n de 1\/2 a 1 g. cada 10 K.p.v.. En la raci\u00f3n como preventivo de 1\/2 a 1 g. por kg. de alimento y de 1,5 a 2 g. por kg. como curativo. Pres.: Cu\u00f1. por 1, 5 y 10 kg.<\/p>\n","protected":false},"excerpt":{"rendered":"<p>Acci\u00f3n: Compuesto vitam\u00ednico mineral de alta concentraci\u00f3n.<\/p>\n","protected":false},"featured_media":600,"template":"","meta":{"_joinchat":[]},"product_brand":[],"product_cat":[111,106,110,108,113,107,114,115],"product_tag":[],"class_list":{"0":"post-536","1":"product","2":"type-product","3":"status-publish","4":"has-post-thumbnail","6":"product_cat-cattle","7":"product_cat-cattle-supplement","8":"product_cat-poultry","9":"product_cat-poultry-suplement","10":"product_cat-sheeps-goats","11":"product_cat-sheeps-goats-suplement","12":"product_cat-swine","13":"product_cat-swine-suplement","15":"first","16":"instock","17":"shipping-taxable","18":"product-type-simple"},"_links":{"self":[{"href":"http:\/\/faeve.com\/pt\/wp-json\/wp\/v2\/product\/536","targetHints":{"allow":["GET"]}}],"collection":[{"href":"http:\/\/faeve.com\/pt\/wp-json\/wp\/v2\/product"}],"about":[{"href":"http:\/\/faeve.com\/pt\/wp-json\/wp\/v2\/types\/product"}],"wp:featuredmedia":[{"embeddable":true,"href":"http:\/\/faeve.com\/pt\/wp-json\/wp\/v2\/media\/600"}],"wp:attachment":[{"href":"http:\/\/faeve.com\/pt\/wp-json\/wp\/v2\/media?parent=536"}],"wp:term":[{"taxonomy":"product_brand","embeddable":true,"href":"http:\/\/faeve.com\/pt\/wp-json\/wp\/v2\/product_brand?post=536"},{"taxonomy":"product_cat","embeddable":true,"href":"http:\/\/faeve.com\/pt\/wp-json\/wp\/v2\/product_cat?post=536"},{"taxonomy":"product_tag","embeddable":true,"href":"http:\/\/faeve.com\/pt\/wp-json\/wp\/v2\/product_tag?post=536"}],"curies":[{"name":"wp","href":"https:\/\/api.w.org\/{rel}","templated":true}]}}