{"id":528,"date":"2020-11-23T20:10:09","date_gmt":"2020-11-23T20:10:09","guid":{"rendered":"http:\/\/faeve.com\/pt\/?product=027-ivermax"},"modified":"2020-12-12T16:26:25","modified_gmt":"2020-12-12T16:26:25","slug":"ivermax","status":"publish","type":"product","link":"http:\/\/faeve.com\/pt\/producto\/ivermax\/","title":{"rendered":"IVERMAX"},"content":{"rendered":"<p>Acci\u00f3n: Antiparasitario interno y externo para Bovinos- Uso inyectable.<\/p>\n<p>Comp.: Ivermectina 1,00\u00a0% p\/v, Agentes de formulaci\u00f3n, c.s.p. 100 ml.<\/p>\n<p>Ind.: Trata y controla las parasitosis internas y externas producidas por los par\u00e1sitos que se detallan a continuaci\u00f3n: Par\u00e1sitos Gastrointestinales: Ostertagia ostertagi (adultos, L3, L4, incluyendo estad\u00edos inhibidos); Ostertagia lyrata (adultos y L4);Trichostrongylus axei (adultos y L4); Trichostrongylus colubriformis (adultos y L4); Cooperia oncophora (adultos y L4), Cooperia punctata (adultos y L4), Cooperia pectinata (adultos y L4), Cooperia spp (adultos y L3); Haemonchus placei (adultos, L3 y L4); Mecistocirrus digitatus (adultos); Oesophagostomum radiatum (adultos, L3 y L4); Nematodirus Spathiger (adultos); Nematodirus helvetianus (adultos); Strongyloides papillosus (adultos); Bunostomum phlebotomum (adultos, L3 y L4); Toxocara vitulorum (adultos). Par\u00e1sitos pulmonares: Dictyocaulus\u00a0 viviparus (Adultos, L4 y estad\u00edos inhibidos). Otros par\u00e1sitos internos: Parafilaria bovicola (adultos), Thelazia spp (adultos). Par\u00e1sitos Externos: Miasis cut\u00e1neas producidas por Dermatobia hominis (Ura);\u00a0 Hypoderma bovis, Hypoderma lineatum;- Piojos Chupadores: Linognatus vituli, Haematopinus eurysternus, Solenopotes capillatus. &#8211; Acaros: Psoroptes ovis (P. comunis var. bovis), Sarcoptes scabiei var. Bovis. IVERMAX puede utilizarse como coadyuvante en el tratamiento y control de Piojos Masticadores: Damalinia bovis; Acaros: Chioroptes bovis; Miasis: Cochliomya hominivorax, Chriosomya bezziana. Dosif.:\u00a0 Por v\u00eda S.C.. La dosis indicada es de 200 mcg\/K.p.v. Equivalente a 1 ml de IVERMAX \/ 50 K.p.v. Pres.: Fcos. por 50, 100 y 500 ml.<\/p>\n","protected":false},"excerpt":{"rendered":"<p>Acci\u00f3n: Antiparasitario interno y externo para Bovinos- Uso inyectable.<\/p>\n","protected":false},"featured_media":686,"template":"","meta":{"_joinchat":[]},"product_brand":[],"product_cat":[111,105],"product_tag":[],"class_list":{"0":"post-528","1":"product","2":"type-product","3":"status-publish","4":"has-post-thumbnail","6":"product_cat-cattle","7":"product_cat-cattle-endectocidas","9":"first","10":"instock","11":"shipping-taxable","12":"product-type-simple"},"_links":{"self":[{"href":"http:\/\/faeve.com\/pt\/wp-json\/wp\/v2\/product\/528","targetHints":{"allow":["GET"]}}],"collection":[{"href":"http:\/\/faeve.com\/pt\/wp-json\/wp\/v2\/product"}],"about":[{"href":"http:\/\/faeve.com\/pt\/wp-json\/wp\/v2\/types\/product"}],"wp:featuredmedia":[{"embeddable":true,"href":"http:\/\/faeve.com\/pt\/wp-json\/wp\/v2\/media\/686"}],"wp:attachment":[{"href":"http:\/\/faeve.com\/pt\/wp-json\/wp\/v2\/media?parent=528"}],"wp:term":[{"taxonomy":"product_brand","embeddable":true,"href":"http:\/\/faeve.com\/pt\/wp-json\/wp\/v2\/product_brand?post=528"},{"taxonomy":"product_cat","embeddable":true,"href":"http:\/\/faeve.com\/pt\/wp-json\/wp\/v2\/product_cat?post=528"},{"taxonomy":"product_tag","embeddable":true,"href":"http:\/\/faeve.com\/pt\/wp-json\/wp\/v2\/product_tag?post=528"}],"curies":[{"name":"wp","href":"https:\/\/api.w.org\/{rel}","templated":true}]}}