{"id":527,"date":"2020-11-23T20:10:08","date_gmt":"2020-11-23T20:10:08","guid":{"rendered":"http:\/\/faeve.com\/pt\/?product=027-bromexine-polvo"},"modified":"2020-12-12T16:26:37","modified_gmt":"2020-12-12T16:26:37","slug":"bromexine-polvo","status":"publish","type":"product","link":"http:\/\/faeve.com\/pt\/producto\/bromexine-polvo\/","title":{"rendered":"BROMEXINE POLVO"},"content":{"rendered":"<p>Acci\u00f3n: Mucol\u00edtico &#8211; Estimulante respiratorio<\/p>\n<p>Comp.: N-Ciclohexil-N-Methil- (2 amino-3,5 dibromobenzyl) amine hydrochloride 1.000 mg., Agentes de formulaci\u00f3n c.s.p. 100 g.<\/p>\n<p>Ind.: En todos los trastornos respiratorios donde se observen colectas mucosas en bronquios, pulmones, sacos a\u00e9reos, etc. Dosif.: Oral: en aves: 1 g. por lt. de agua de bebida o kg. de alimento, durante 5 a 7 d\u00edas. En terneros y cerdos: 2,5 a 5 g. En equinos y bovinos adultos: 10 a 15 g. Se puede utilizar en nebulizaciones o por aspersi\u00f3n (spray) en soluci\u00f3n al 10% ya sea en forma individual o a nivel de poblaci\u00f3n. Pres.: Cu\u00f1. por 1 y 5 kg. Bol. por 20 kg.<\/p>\n","protected":false},"excerpt":{"rendered":"<p>Acci\u00f3n: Mucol\u00edtico &#8211; Estimulante respiratorio<\/p>\n","protected":false},"featured_media":687,"template":"","meta":{"_joinchat":[]},"product_brand":[],"product_cat":[111,124,112,130,110,104,114,116],"product_tag":[],"class_list":{"0":"post-527","1":"product","2":"type-product","3":"status-publish","4":"has-post-thumbnail","6":"product_cat-cattle","7":"product_cat-cattle-mucolytic","8":"product_cat-horses","9":"product_cat-horses-mucolytic","10":"product_cat-poultry","11":"product_cat-poultry-mucolytic","12":"product_cat-swine","13":"product_cat-swine-mucolytic","15":"first","16":"instock","17":"shipping-taxable","18":"product-type-simple"},"_links":{"self":[{"href":"http:\/\/faeve.com\/pt\/wp-json\/wp\/v2\/product\/527","targetHints":{"allow":["GET"]}}],"collection":[{"href":"http:\/\/faeve.com\/pt\/wp-json\/wp\/v2\/product"}],"about":[{"href":"http:\/\/faeve.com\/pt\/wp-json\/wp\/v2\/types\/product"}],"wp:featuredmedia":[{"embeddable":true,"href":"http:\/\/faeve.com\/pt\/wp-json\/wp\/v2\/media\/687"}],"wp:attachment":[{"href":"http:\/\/faeve.com\/pt\/wp-json\/wp\/v2\/media?parent=527"}],"wp:term":[{"taxonomy":"product_brand","embeddable":true,"href":"http:\/\/faeve.com\/pt\/wp-json\/wp\/v2\/product_brand?post=527"},{"taxonomy":"product_cat","embeddable":true,"href":"http:\/\/faeve.com\/pt\/wp-json\/wp\/v2\/product_cat?post=527"},{"taxonomy":"product_tag","embeddable":true,"href":"http:\/\/faeve.com\/pt\/wp-json\/wp\/v2\/product_tag?post=527"}],"curies":[{"name":"wp","href":"https:\/\/api.w.org\/{rel}","templated":true}]}}