{"id":523,"date":"2020-11-23T20:10:07","date_gmt":"2020-11-23T20:10:07","guid":{"rendered":"http:\/\/faeve.com\/pt\/?product=024-trinsec-en-aerosol"},"modified":"2020-12-12T16:27:26","modified_gmt":"2020-12-12T16:27:26","slug":"trinsec-en-aerosol","status":"publish","type":"product","link":"http:\/\/faeve.com\/pt\/producto\/trinsec-en-aerosol\/","title":{"rendered":"TRINSEC EN AEROSOL"},"content":{"rendered":"<p>Acci\u00f3n: Antiparasitario externo &#8211; Curabichera. Act\u00faa eficazmente en miasis \u00f3 bicheras en heridas \u00f3 intervenciones como castraciones, descornes, afecciones umbilicales, etc., de bovinos, equinos, porcinos u ovinos.<\/p>\n<p>Comp.: Cipermetrina 0,30 g., DDVP 0,75 g., Cloruro de Benzalconio 0,20 g., Aceite de pino 3,00 g., Violeta de Genciana 0,30 g., Agentes de formulaci\u00f3n y propelente c.s.p. 100 ml.<\/p>\n<p>Dosif.: Uso externo. Agitar el envase antes del uso, mantenga a una distancia de 20 cm de la zona afectada y presionar la v\u00e1lvula alrededor y sobre dicha zona no mas de 5 segundos, repetir cada 4 d\u00edas. Pres.: Frasco aerosol por 440 cm3. Toxicidad clase 2.<\/p>\n","protected":false},"excerpt":{"rendered":"<p>Acci\u00f3n: Antiparasitario externo &#8211; Curabichera. Act\u00faa eficazmente en miasis \u00f3 bicheras en heridas \u00f3 intervenciones como castraciones, descornes, afecciones umbilicales, etc., de bovinos, equinos, porcinos u ovinos.<\/p>\n","protected":false},"featured_media":693,"template":"","meta":{"_joinchat":[]},"product_brand":[],"product_cat":[111,98,112,125,113,133,114,119],"product_tag":[],"class_list":{"0":"post-523","1":"product","2":"type-product","3":"status-publish","4":"has-post-thumbnail","6":"product_cat-cattle","7":"product_cat-cattle-antiparasitic","8":"product_cat-horses","9":"product_cat-horses-antibiotic","10":"product_cat-sheeps-goats","11":"product_cat-sheeps-goats-antiparasitic","12":"product_cat-swine","13":"product_cat-swine-antiparasitic","15":"first","16":"instock","17":"shipping-taxable","18":"product-type-simple"},"_links":{"self":[{"href":"http:\/\/faeve.com\/pt\/wp-json\/wp\/v2\/product\/523","targetHints":{"allow":["GET"]}}],"collection":[{"href":"http:\/\/faeve.com\/pt\/wp-json\/wp\/v2\/product"}],"about":[{"href":"http:\/\/faeve.com\/pt\/wp-json\/wp\/v2\/types\/product"}],"wp:featuredmedia":[{"embeddable":true,"href":"http:\/\/faeve.com\/pt\/wp-json\/wp\/v2\/media\/693"}],"wp:attachment":[{"href":"http:\/\/faeve.com\/pt\/wp-json\/wp\/v2\/media?parent=523"}],"wp:term":[{"taxonomy":"product_brand","embeddable":true,"href":"http:\/\/faeve.com\/pt\/wp-json\/wp\/v2\/product_brand?post=523"},{"taxonomy":"product_cat","embeddable":true,"href":"http:\/\/faeve.com\/pt\/wp-json\/wp\/v2\/product_cat?post=523"},{"taxonomy":"product_tag","embeddable":true,"href":"http:\/\/faeve.com\/pt\/wp-json\/wp\/v2\/product_tag?post=523"}],"curies":[{"name":"wp","href":"https:\/\/api.w.org\/{rel}","templated":true}]}}