{"id":27,"date":"2015-05-20T20:47:56","date_gmt":"2015-05-20T20:47:56","guid":{"rendered":"http:\/\/www.estudionet.com.ar\/faeve\/?page_id=27"},"modified":"2020-12-22T21:57:32","modified_gmt":"2020-12-22T21:57:32","slug":"contact","status":"publish","type":"page","link":"http:\/\/faeve.com\/pt\/contact\/","title":{"rendered":"CONTACT"},"content":{"rendered":"\n\tConcepci\u00f3n del Uruguay :: Entre R\u00edos :: Rep\u00fablica Argentina<br \/>\nAdministraci\u00f3n y ventas: 9 de julio 1277 :: 03442-425634\/425467<br \/>\nPlanta elaboradora: Boulevard Montoneras 24 :: 03442-422052<br \/>\ninfo@faeve.com\n<p>&nbsp;<\/p>\n<p><iframe loading=\"lazy\" src=\"https:\/\/www.google.com\/maps\/embed?pb=!1m14!1m8!1m3!1d3365.4563004595952!2d-58.242173300000005!3d-32.4872313!3m2!1i1024!2i768!4f13.1!3m3!1m2!1s0x95afdbac3fbde575%3A0x58ed9653b6534db!2sBv.+Montoneras+24%2C+Concepci%C3%B3n+del+Uruguay%2C+Entre+R%C3%ADos!5e0!3m2!1ses-419!2sar!4v1432568082348\" width=\"100%\" height=\"450\" frameborder=\"0\"><\/iframe><\/p>\n","protected":false},"excerpt":{"rendered":"<p>Concepci\u00f3n del Uruguay :: Entre R\u00edos :: Rep\u00fablica Argentina Administraci\u00f3n y ventas: 9 de julio 1277 :: 03442-425634\/425467 Planta elaboradora: Boulevard Montoneras 24 :: 03442-422052 info@faeve.com &nbsp;<\/p>\n","protected":false},"author":1,"featured_media":0,"parent":0,"menu_order":8,"comment_status":"closed","ping_status":"closed","template":"","meta":{"_joinchat":[],"footnotes":""},"class_list":["post-27","page","type-page","status-publish","hentry"],"_links":{"self":[{"href":"http:\/\/faeve.com\/pt\/wp-json\/wp\/v2\/pages\/27","targetHints":{"allow":["GET"]}}],"collection":[{"href":"http:\/\/faeve.com\/pt\/wp-json\/wp\/v2\/pages"}],"about":[{"href":"http:\/\/faeve.com\/pt\/wp-json\/wp\/v2\/types\/page"}],"author":[{"embeddable":true,"href":"http:\/\/faeve.com\/pt\/wp-json\/wp\/v2\/users\/1"}],"replies":[{"embeddable":true,"href":"http:\/\/faeve.com\/pt\/wp-json\/wp\/v2\/comments?post=27"}],"version-history":[{"count":7,"href":"http:\/\/faeve.com\/pt\/wp-json\/wp\/v2\/pages\/27\/revisions"}],"predecessor-version":[{"id":811,"href":"http:\/\/faeve.com\/pt\/wp-json\/wp\/v2\/pages\/27\/revisions\/811"}],"wp:attachment":[{"href":"http:\/\/faeve.com\/pt\/wp-json\/wp\/v2\/media?parent=27"}],"curies":[{"name":"wp","href":"https:\/\/api.w.org\/{rel}","templated":true}]}}